{"id":6,"date":"2026-03-02T20:03:43","date_gmt":"2026-03-02T20:03:43","guid":{"rendered":"https:\/\/bugrakezan.com\/?page_id=6"},"modified":"2026-03-03T22:05:21","modified_gmt":"2026-03-03T22:05:21","slug":"cok-yakinda","status":"publish","type":"page","link":"https:\/\/bugrakezan.com\/","title":{"rendered":"\u00c7ok Yak\u0131nda"},"content":{"rendered":"\n<h2 class=\"wp-block-heading\">Bu\u011fra Kezan<\/h2>\n\n\n\n<p>\u00c7ok Yak\u0131nda<\/p>\n\n\n\n<p class=\"has-small-font-size\">AI \u2022 Acoustics \u2022 ProAV \u2014 tools, notes, experiments<br><\/p>\n\n\n\n<div class=\"wp-block-buttons is-layout-flex wp-block-buttons-is-layout-flex\">\n<div class=\"wp-block-button\"><a class=\"wp-block-button__link wp-element-button\" href=\"mailto:info@bugrakezan.com\">\u0130leti\u015fim<\/a><\/div>\n<\/div>\n\n\n\n<p><\/p>\n","protected":false},"excerpt":{"rendered":"<p>Bu\u011fra Kezan \u00c7ok Yak\u0131nda AI \u2022 Acoustics \u2022 ProAV \u2014 tools, notes, experiments<\/p>\n","protected":false},"author":1,"featured_media":0,"parent":0,"menu_order":0,"comment_status":"closed","ping_status":"closed","template":"page","meta":{"footnotes":""},"class_list":["post-6","page","type-page","status-publish","hentry"],"_links":{"self":[{"href":"https:\/\/bugrakezan.com\/index.php\/wp-json\/wp\/v2\/pages\/6","targetHints":{"allow":["GET"]}}],"collection":[{"href":"https:\/\/bugrakezan.com\/index.php\/wp-json\/wp\/v2\/pages"}],"about":[{"href":"https:\/\/bugrakezan.com\/index.php\/wp-json\/wp\/v2\/types\/page"}],"author":[{"embeddable":true,"href":"https:\/\/bugrakezan.com\/index.php\/wp-json\/wp\/v2\/users\/1"}],"replies":[{"embeddable":true,"href":"https:\/\/bugrakezan.com\/index.php\/wp-json\/wp\/v2\/comments?post=6"}],"version-history":[{"count":5,"href":"https:\/\/bugrakezan.com\/index.php\/wp-json\/wp\/v2\/pages\/6\/revisions"}],"predecessor-version":[{"id":18,"href":"https:\/\/bugrakezan.com\/index.php\/wp-json\/wp\/v2\/pages\/6\/revisions\/18"}],"wp:attachment":[{"href":"https:\/\/bugrakezan.com\/index.php\/wp-json\/wp\/v2\/media?parent=6"}],"curies":[{"name":"wp","href":"https:\/\/api.w.org\/{rel}","templated":true}]}}